{"id":6541,"date":"2022-01-15T08:02:40","date_gmt":"2022-01-15T07:02:40","guid":{"rendered":"https:\/\/pivskajezera.si\/privacy-policy\/"},"modified":"2022-01-15T08:02:40","modified_gmt":"2022-01-15T07:02:40","slug":"privacy-policy","status":"publish","type":"page","link":"https:\/\/pivskajezera.si\/en\/privacy-policy\/","title":{"rendered":"Privacy policy"},"content":{"rendered":"<div class=\"fusion-fullwidth fullwidth-box fusion-builder-row-1 fusion-flex-container nonhundred-percent-fullwidth non-hundred-percent-height-scrolling\" style=\"--awb-border-radius-top-left:0px;--awb-border-radius-top-right:0px;--awb-border-radius-bottom-right:0px;--awb-border-radius-bottom-left:0px;--awb-flex-wrap:wrap;\" ><div class=\"fusion-builder-row fusion-row fusion-flex-align-items-flex-start fusion-flex-content-wrap\" style=\"max-width:1310.4px;margin-left: calc(-4% \/ 2 );margin-right: calc(-4% \/ 2 );\"><div class=\"fusion-layout-column fusion_builder_column fusion-builder-column-0 fusion_builder_column_1_1 1_1 fusion-flex-column\" style=\"--awb-bg-size:cover;--awb-width-large:100%;--awb-margin-top-large:0px;--awb-spacing-right-large:1.92%;--awb-margin-bottom-large:0px;--awb-spacing-left-large:1.92%;--awb-width-medium:100%;--awb-spacing-right-medium:1.92%;--awb-spacing-left-medium:1.92%;--awb-width-small:100%;--awb-spacing-right-small:1.92%;--awb-spacing-left-small:1.92%;\"><div class=\"fusion-column-wrapper fusion-flex-justify-content-flex-start fusion-content-layout-column\"><div class=\"fusion-text fusion-text-1\"><h2><strong>Kaj so pi\u0161kotki?<\/strong><\/h2>\n<p>Pi\u0161kotek je majhna datoteka, ki se shrani na ra\u010dunalniku ob obisku spletne strani. Pi\u0161kotki vsebujejo razli\u010dne informacije, ki jih spletna stran prebere, ko jo ponovno obi\u0161\u010dete. Uporablja jih ve\u010dina sodobnih spletnih strani.<\/p>\n<p>Sami po sebi pi\u0161kotki niso \u0161kodljivi, ne vsebujejo virusov ali kak\u0161ne druga\u010dne zlonamerne kode. Uporabljajo se za razli\u010dne namene:<\/p>\n<ul>\n<li>za prikaz naprednih vsebin na spletni strani,<\/li>\n<li>za vodenje statistike obiska strani,<\/li>\n<li>za podporo vti\u010dnikom dru\u017eabnih omre\u017eij (vti\u010dniki so dodatki, ki jih je mogo\u010de vgraditi v spletno stran.<\/li>\n<\/ul>\n<p>Pogost primer tega je Facebook Like box, ki poleg mo\u017enosti v\u0161e\u010dkanja obiskovalcu prikazuje tudi slike njihovih prijateljev s Facebooka).<br \/>\nZakonsko omejevanje pi\u0161kotkov je predvsem posledica zlorabe tehnologije za sledenje uporabnikom in poseganja v zasebnost na spletu.<\/p>\n<h3>Vrste pi\u0161kotkov<\/h3>\n<p>Pi\u0161kotki imajo lahko zelo razli\u010dne sestavine. Dobri pi\u0161kotki so zelo koristni za obiskovalce, \u0161e posebej za seje, prijave, ko\u0161arice artiklov in podobne naloge spletne strani. Nekateri pi\u0161kotki so koristni predvsem za lastnike spletnih strani. Na primer slu\u017eijo za spremljanje koli\u010dine obiska, torej doseg svojega spletnega mesta, posredno pa koristijo tudi kon\u010dnim obiskovalcem, saj omogo\u010dajo avtorjem vsebin vpogled v to, kateri prispevki na spletni strani so za obiskovalce zanimivi, na podlagi povratnih informacij, pa lahko spletno stran pribli\u017eajo bralcem z zanimivej\u0161imi vsebinami. Nekateri pi\u0161kotki pa, vsaj iz vidika Informacijskega urada, niso dobri. Ti pi\u0161kotki predvsem bele\u017eijo podatke o va\u0161ih aktivnostih na spletu, ki jih potem obdelajo in pridobljene informacije posredujejo tretjim subjektom, najpogosteje ogla\u0161evalcem. Zaradi tega se razli\u010dnim ljudem na spletu prikazujejo razli\u010dni oglasi. Vsak vidi oglase izdelkov in storitev, ki jih bo bolj verjetno kupil. Lastnikom sledilnih pi\u0161kotkov pa to omogo\u010da ve\u010dji zaslu\u017eek iz ogla\u0161evanja.<\/p>\n<p>Urad informacijskega poobla\u0161\u010denca deli pi\u0161kotke predvsem glede na invazivnost:<\/p>\n<ul>\n<li>Za\u010dasni ali sejni pi\u0161kotki<\/li>\n<li>Trajni ali shranjeni pi\u0161kotki<\/li>\n<li>Lastni pi\u0161kotki<\/li>\n<li>Drugi pi\u0161kotki<\/li>\n<\/ul>\n<p>Vsaka vrsta pi\u0161kotkov se v zakonodaji in smernicah poobla\u0161\u010denca tretira druga\u010de. Zakon o elektronskih komunikacijah (ZEKom-1) nalaga, da je potrebno spletne obiskovalce obve\u0161\u010dati o\u00a0uporabi pi\u0161kotkov . V primeru invazivnej\u0161ih pi\u0161kotkov pa morajo skrbniki spletnih strani od obiskovalcev pridobiti soglasje za njihovo uporabo.<\/p>\n<h3>VARNOST IN ZASEBNOST na na\u0161i spletni strani<\/h3>\n<p>Na\u0161a spletna stran je skladna s\u00a0<a href=\"http:\/\/www.uradni-list.si\/1\/content?id=111442#(pi%C5%A1kotki)\">157. \u010dlenom zakona ZEKom-1<\/a>\u00a0in z zakonom o varstvu osebnih podatkov. Ve\u010d o zakonodaji lahko preberete\u00a0<a href=\"http:\/\/pisrs.si\/Predpis.aspx?id=ZAKO3906&amp;pogled=osnovni\">tukaj<\/a>.<br \/>\nNamen zakonodaje je za\u0161\u010dita osebnih podatkov, saj pri brskanju po spletu lahko pride do kr\u0161itve va\u0161ih pravic do zasebnosti.<br \/>\nPodrobnej\u0161e informacije o zasebnosti na spletu najdete na spletnih straneh Informacijskega poobla\u0161\u010denca, kjer so pripravili odgovore na\u00a0<a href=\"https:\/\/www.ip-rs.si\/varstvo-osebnih-podatkov\/informacijske-tehnologije-in-osebni-podatki\/piskotki-odgovori-na-pogosta-vprasanja\/#c1250\">pogosta vpra\u0161anja<\/a>\u00a0povezana s sledenjem uporabnikov na spletu s pomo\u010djo pi\u0161kotkov.<\/p>\n<h3>Katere pi\u0161kotke uporablja na\u0161e spletno mesto?<\/h3>\n<p>Uporabljamo naslednje pi\u0161kotke:<\/p>\n<ol>\n<li><strong>Obvezni pi\u0161kotki<br \/>\n<\/strong><\/li>\n<\/ol>\n<p>Obvezni pi\u0161kotki, so tisti pi\u0161kotki, ki jih spletna stran potrebuje za pravilno delovanje. Na osnovi informacij v teh pi\u0161kotkih se delovanje in prikaz na\u0161e spletne strani prilagaja vam. V ta namen uporabljamo naslednje pi\u0161kotke:<\/p>\n<ul>\n<li><strong>AllowCookies<\/strong>:\u00a0pi\u0161kotek se nalo\u017ei na va\u0161 ra\u010dunalnik zato, da ob naslednjem obisku vemo, \u010de nam dovolite uporabo dodatnih pi\u0161kotkov.\u00a0Veljavnost pi\u0161kotka je 365 dni.<\/li>\n<\/ul>\n<ol start=\"2\">\n<li><strong> Statistika obiska<\/strong><\/li>\n<\/ol>\n<p>Upravljalci na\u0161ega spletnega mesta \u017eelimo vedeti, kje se na\u0161i obiskovalci zadr\u017eujejo, katere od posameznih vsebin so najbolj obiskane in od kod sploh pridete na na\u0161o spletno stran. To je ve\u010dinoma edini stik z na\u0161imi obiskovalci. Zaradi tega bele\u017eimo statistiko ogledov. Na podlagi pi\u0161kotkov, ki jih nalo\u017eimo na va\u0161 ra\u010dunalnik, lahko vemo ali ste pri\u0161li k nam prvi\u010d, ali pa ste na\u0161 redni obiskovalec. V ta namen\u00a0uporabljamo orodje Google Analytics, ki uporablja naslenje pi\u0161kotke:<\/p>\n<ul>\n<li><strong>__utma<\/strong>: pi\u0161kotek shranjuje pogostost uporabnikovega obiskovanja spletne strani, \u010das prvega obiska, prej\u0161nji in trenutni obisk.\u00a0Veljavnost pi\u0161kotka je nastavljena na dve leti.<\/li>\n<li><strong>__utmb<\/strong>: pi\u0161kotek se uporablja za preverjanje kako dolgo uporabnik ostane na spletni strani: kdaj se obisk pri\u010dne in kdaj pribli\u017eno se kon\u010da.\u00a0Veljavnost pi\u0161kotka je nastavljena na 30 minut.<\/li>\n<li><strong>__utmc<\/strong>:\u00a0pi\u0161kotek se uporablja za preverjanje kako dolgo uporabnik ostane na spletni strani: kdaj se obisk pri\u010dne in kdaj pribli\u017eno se kon\u010da.\u00a0Veljavnost pi\u0161kotka pote\u010de ko zapremo brskalnik.<\/li>\n<li><strong>__utmv<\/strong>:\u00a0 pi\u0161kotek se uporablja za shranjevanje uporabnikovih nastavitev.<\/li>\n<li><strong>__utmz<\/strong>: pi\u0161kotek shranjuje podatek od kod je obiskovalec pri\u0161el (iskalnik, klju\u010dna beseda, povezava).\u00a0Veljavnost pi\u0161kotka je nastavljena na 6 mesecev.<\/li>\n<\/ul>\n<p>Google ne more nikogar osebno identificirati na podlagi tega zapisa. Za vsako spletno stran, ki uporablja Google Analytics ima posamezni uporabnik spleta razli\u010dne identifikatorje, ki se generirajo naklju\u010dno.<\/p>\n<p><strong>Se lahko v celoti izognem nalaganju pi\u0161kotkov?<\/strong><\/p>\n<p>Uporabniki se lahko samostojno odlo\u010dite,\u00a0ali \u017eelite omogo\u010diti uporabo pi\u0161kotkov. Nastavitve za pi\u0161kotke lahko nadzirate in spreminjate v\u00a0svojem spletnem brskalniku. Informacije o nastavitvah za pi\u0161kotke (za razli\u010dne spletne brskalnike) so na voljo na spodnjih povezavah:<\/p>\n<ul>\n<li><a href=\"https:\/\/support.google.com\/chrome\/answer\/95647?hl=sl-sl&amp;p=cpn_cookies\">Chrome<\/a><\/li>\n<li><a href=\"http:\/\/support.mozilla.org\/sl\/kb\/Kako%20aktivirate%20in%20deaktivirate%20pi%C5%A1kote\">Firefox<\/a><\/li>\n<li><a href=\"http:\/\/windows.microsoft.com\/sl-si\/windows7\/how-to-manage-cookies-in-internet-explorer-9\">Internet Explorer 9<\/a><\/li>\n<li><a href=\"http:\/\/windows.microsoft.com\/sl-si\/windows-vista\/block-or-allow-cookies\">Internet Explorer 7 in 8<\/a><\/li>\n<li><a href=\"http:\/\/www.opera.com\/help\/tutorials\/security\/cookies\/\">Opera<\/a>\u00a0(stran v angle\u0161kem jeziku)<\/li>\n<li><a href=\"http:\/\/support.apple.com\/kb\/PH11913\" class=\"broken_link\">Safari<\/a>\u00a0(stran v angle\u0161kem jeziku)<\/li>\n<\/ul>\n<\/div><\/div><\/div><\/div><\/div>\n","protected":false},"excerpt":{"rendered":"","protected":false},"author":1,"featured_media":0,"parent":0,"menu_order":0,"comment_status":"closed","ping_status":"closed","template":"100-width.php","meta":{"footnotes":""},"class_list":["post-6541","page","type-page","status-publish","hentry"],"yoast_head":"<!-- This site is optimized with the Yoast SEO plugin v27.5 - https:\/\/yoast.com\/product\/yoast-seo-wordpress\/ -->\n<title>Privacy policy &#8211; Piv\u0161ka presihajo\u010da jezera<\/title>\n<meta name=\"description\" content=\"Pi\u0161kotek je majhna datoteka, ki se shrani na ra\u010dunalniku ob obisku spletne strani. Pi\u0161kotki vsebujejo razli\u010dne informacije, ki jih ...\" \/>\n<meta name=\"robots\" content=\"index, follow, max-snippet:-1, max-image-preview:large, max-video-preview:-1\" \/>\n<link rel=\"canonical\" href=\"https:\/\/pivskajezera.si\/en\/privacy-policy\/\" \/>\n<meta property=\"og:locale\" content=\"en_US\" \/>\n<meta property=\"og:type\" content=\"article\" \/>\n<meta property=\"og:title\" content=\"Privacy policy &#8211; Piv\u0161ka presihajo\u010da jezera\" \/>\n<meta property=\"og:description\" content=\"Pi\u0161kotek je majhna datoteka, ki se shrani na ra\u010dunalniku ob obisku spletne strani. Pi\u0161kotki vsebujejo razli\u010dne informacije, ki jih ...\" \/>\n<meta property=\"og:url\" content=\"https:\/\/pivskajezera.si\/en\/privacy-policy\/\" \/>\n<meta property=\"og:site_name\" content=\"Piv\u0161ka presihajo\u010da jezera\" \/>\n<meta property=\"article:publisher\" content=\"https:\/\/www.facebook.com\/pivskajezera\" \/>\n<meta property=\"og:image\" content=\"https:\/\/pivskajezera.si\/wp-content\/uploads\/2022\/01\/LogoKPPJ_SLO_Erika.jpg\" \/>\n\t<meta property=\"og:image:width\" content=\"2755\" \/>\n\t<meta property=\"og:image:height\" content=\"1451\" \/>\n\t<meta property=\"og:image:type\" content=\"image\/jpeg\" \/>\n<meta name=\"twitter:card\" content=\"summary_large_image\" \/>\n<meta name=\"twitter:label1\" content=\"Est. reading time\" \/>\n\t<meta name=\"twitter:data1\" content=\"5 minutes\" \/>\n<script type=\"application\/ld+json\" class=\"yoast-schema-graph\">{\"@context\":\"https:\\\/\\\/schema.org\",\"@graph\":[{\"@type\":\"WebPage\",\"@id\":\"https:\\\/\\\/pivskajezera.si\\\/en\\\/privacy-policy\\\/\",\"url\":\"https:\\\/\\\/pivskajezera.si\\\/en\\\/privacy-policy\\\/\",\"name\":\"Privacy policy &#8211; Piv\u0161ka presihajo\u010da jezera\",\"isPartOf\":{\"@id\":\"https:\\\/\\\/pivskajezera.si\\\/en\\\/#website\"},\"datePublished\":\"2022-01-15T07:02:40+00:00\",\"description\":\"Pi\u0161kotek je majhna datoteka, ki se shrani na ra\u010dunalniku ob obisku spletne strani. Pi\u0161kotki vsebujejo razli\u010dne informacije, ki jih ...\",\"breadcrumb\":{\"@id\":\"https:\\\/\\\/pivskajezera.si\\\/en\\\/privacy-policy\\\/#breadcrumb\"},\"inLanguage\":\"en-US\",\"potentialAction\":[{\"@type\":\"ReadAction\",\"target\":[\"https:\\\/\\\/pivskajezera.si\\\/en\\\/privacy-policy\\\/\"]}]},{\"@type\":\"BreadcrumbList\",\"@id\":\"https:\\\/\\\/pivskajezera.si\\\/en\\\/privacy-policy\\\/#breadcrumb\",\"itemListElement\":[{\"@type\":\"ListItem\",\"position\":1,\"name\":\"Domov\",\"item\":\"https:\\\/\\\/pivskajezera.si\\\/en\\\/\"},{\"@type\":\"ListItem\",\"position\":2,\"name\":\"Privacy policy\"}]},{\"@type\":\"WebSite\",\"@id\":\"https:\\\/\\\/pivskajezera.si\\\/en\\\/#website\",\"url\":\"https:\\\/\\\/pivskajezera.si\\\/en\\\/\",\"name\":\"Piv\u0161ka presihajo\u010da jezera\",\"description\":\"Krajinski park\",\"publisher\":{\"@id\":\"https:\\\/\\\/pivskajezera.si\\\/en\\\/#organization\"},\"potentialAction\":[{\"@type\":\"SearchAction\",\"target\":{\"@type\":\"EntryPoint\",\"urlTemplate\":\"https:\\\/\\\/pivskajezera.si\\\/en\\\/?s={search_term_string}\"},\"query-input\":{\"@type\":\"PropertyValueSpecification\",\"valueRequired\":true,\"valueName\":\"search_term_string\"}}],\"inLanguage\":\"en-US\"},{\"@type\":\"Organization\",\"@id\":\"https:\\\/\\\/pivskajezera.si\\\/en\\\/#organization\",\"name\":\"Krajinski park - piv\u0161ka presihajo\u010da jezera\",\"url\":\"https:\\\/\\\/pivskajezera.si\\\/en\\\/\",\"logo\":{\"@type\":\"ImageObject\",\"inLanguage\":\"en-US\",\"@id\":\"https:\\\/\\\/pivskajezera.si\\\/en\\\/#\\\/schema\\\/logo\\\/image\\\/\",\"url\":\"https:\\\/\\\/pivskajezera.si\\\/wp-content\\\/uploads\\\/2021\\\/10\\\/logo500.jpg\",\"contentUrl\":\"https:\\\/\\\/pivskajezera.si\\\/wp-content\\\/uploads\\\/2021\\\/10\\\/logo500.jpg\",\"width\":500,\"height\":263,\"caption\":\"Krajinski park - piv\u0161ka presihajo\u010da jezera\"},\"image\":{\"@id\":\"https:\\\/\\\/pivskajezera.si\\\/en\\\/#\\\/schema\\\/logo\\\/image\\\/\"},\"sameAs\":[\"https:\\\/\\\/www.facebook.com\\\/pivskajezera\",\"https:\\\/\\\/www.instagram.com\\\/pivska_jezera\\\/\",\"https:\\\/\\\/www.youtube.com\\\/channel\\\/UC5eGg3yPtsJkcSS83E-qnvA\"]}]}<\/script>\n<!-- \/ Yoast SEO plugin. -->","yoast_head_json":{"title":"Privacy policy &#8211; Piv\u0161ka presihajo\u010da jezera","description":"Pi\u0161kotek je majhna datoteka, ki se shrani na ra\u010dunalniku ob obisku spletne strani. Pi\u0161kotki vsebujejo razli\u010dne informacije, ki jih ...","robots":{"index":"index","follow":"follow","max-snippet":"max-snippet:-1","max-image-preview":"max-image-preview:large","max-video-preview":"max-video-preview:-1"},"canonical":"https:\/\/pivskajezera.si\/en\/privacy-policy\/","og_locale":"en_US","og_type":"article","og_title":"Privacy policy &#8211; Piv\u0161ka presihajo\u010da jezera","og_description":"Pi\u0161kotek je majhna datoteka, ki se shrani na ra\u010dunalniku ob obisku spletne strani. Pi\u0161kotki vsebujejo razli\u010dne informacije, ki jih ...","og_url":"https:\/\/pivskajezera.si\/en\/privacy-policy\/","og_site_name":"Piv\u0161ka presihajo\u010da jezera","article_publisher":"https:\/\/www.facebook.com\/pivskajezera","og_image":[{"width":2755,"height":1451,"url":"https:\/\/pivskajezera.si\/wp-content\/uploads\/2022\/01\/LogoKPPJ_SLO_Erika.jpg","type":"image\/jpeg"}],"twitter_card":"summary_large_image","twitter_misc":{"Est. reading time":"5 minutes"},"schema":{"@context":"https:\/\/schema.org","@graph":[{"@type":"WebPage","@id":"https:\/\/pivskajezera.si\/en\/privacy-policy\/","url":"https:\/\/pivskajezera.si\/en\/privacy-policy\/","name":"Privacy policy &#8211; Piv\u0161ka presihajo\u010da jezera","isPartOf":{"@id":"https:\/\/pivskajezera.si\/en\/#website"},"datePublished":"2022-01-15T07:02:40+00:00","description":"Pi\u0161kotek je majhna datoteka, ki se shrani na ra\u010dunalniku ob obisku spletne strani. Pi\u0161kotki vsebujejo razli\u010dne informacije, ki jih ...","breadcrumb":{"@id":"https:\/\/pivskajezera.si\/en\/privacy-policy\/#breadcrumb"},"inLanguage":"en-US","potentialAction":[{"@type":"ReadAction","target":["https:\/\/pivskajezera.si\/en\/privacy-policy\/"]}]},{"@type":"BreadcrumbList","@id":"https:\/\/pivskajezera.si\/en\/privacy-policy\/#breadcrumb","itemListElement":[{"@type":"ListItem","position":1,"name":"Domov","item":"https:\/\/pivskajezera.si\/en\/"},{"@type":"ListItem","position":2,"name":"Privacy policy"}]},{"@type":"WebSite","@id":"https:\/\/pivskajezera.si\/en\/#website","url":"https:\/\/pivskajezera.si\/en\/","name":"Piv\u0161ka presihajo\u010da jezera","description":"Krajinski park","publisher":{"@id":"https:\/\/pivskajezera.si\/en\/#organization"},"potentialAction":[{"@type":"SearchAction","target":{"@type":"EntryPoint","urlTemplate":"https:\/\/pivskajezera.si\/en\/?s={search_term_string}"},"query-input":{"@type":"PropertyValueSpecification","valueRequired":true,"valueName":"search_term_string"}}],"inLanguage":"en-US"},{"@type":"Organization","@id":"https:\/\/pivskajezera.si\/en\/#organization","name":"Krajinski park - piv\u0161ka presihajo\u010da jezera","url":"https:\/\/pivskajezera.si\/en\/","logo":{"@type":"ImageObject","inLanguage":"en-US","@id":"https:\/\/pivskajezera.si\/en\/#\/schema\/logo\/image\/","url":"https:\/\/pivskajezera.si\/wp-content\/uploads\/2021\/10\/logo500.jpg","contentUrl":"https:\/\/pivskajezera.si\/wp-content\/uploads\/2021\/10\/logo500.jpg","width":500,"height":263,"caption":"Krajinski park - piv\u0161ka presihajo\u010da jezera"},"image":{"@id":"https:\/\/pivskajezera.si\/en\/#\/schema\/logo\/image\/"},"sameAs":["https:\/\/www.facebook.com\/pivskajezera","https:\/\/www.instagram.com\/pivska_jezera\/","https:\/\/www.youtube.com\/channel\/UC5eGg3yPtsJkcSS83E-qnvA"]}]}},"_links":{"self":[{"href":"https:\/\/pivskajezera.si\/en\/wp-json\/wp\/v2\/pages\/6541","targetHints":{"allow":["GET"]}}],"collection":[{"href":"https:\/\/pivskajezera.si\/en\/wp-json\/wp\/v2\/pages"}],"about":[{"href":"https:\/\/pivskajezera.si\/en\/wp-json\/wp\/v2\/types\/page"}],"author":[{"embeddable":true,"href":"https:\/\/pivskajezera.si\/en\/wp-json\/wp\/v2\/users\/1"}],"replies":[{"embeddable":true,"href":"https:\/\/pivskajezera.si\/en\/wp-json\/wp\/v2\/comments?post=6541"}],"version-history":[{"count":2,"href":"https:\/\/pivskajezera.si\/en\/wp-json\/wp\/v2\/pages\/6541\/revisions"}],"predecessor-version":[{"id":6543,"href":"https:\/\/pivskajezera.si\/en\/wp-json\/wp\/v2\/pages\/6541\/revisions\/6543"}],"wp:attachment":[{"href":"https:\/\/pivskajezera.si\/en\/wp-json\/wp\/v2\/media?parent=6541"}],"curies":[{"name":"wp","href":"https:\/\/api.w.org\/{rel}","templated":true}]}}